{"id":1576,"date":"2015-01-26T15:55:42","date_gmt":"2015-01-26T14:55:42","guid":{"rendered":"http:\/\/jsenergy.si\/?page_id=1576"},"modified":"2019-07-04T06:56:15","modified_gmt":"2019-07-04T05:56:15","slug":"referenzen","status":"publish","type":"page","link":"http:\/\/jsenergy.si\/de\/referenzen\/","title":{"rendered":"Referenzen"},"content":{"rendered":"<div class=\"pf-content\"><div>\r\n    <div class=\"twelve columns alpha omega\">\r\n    <div>\r\n    <h3 class=\"headline\">Unsere Kunden<\/h3>\r\n    <span class=\"line\" style=\"margin-bottom:0;\"><\/span>\r\n    <\/div>\r\n\r\n    <!-- Navigation \/ Left -->\r\n    <div class=\"one carousel column alpha\"><div id=\"showbiz_left_2\" class=\"sb-navigation-left-2\"><i class=\"icon-angle-left\"><\/i><\/div><\/div>\r\n\r\n    <!-- ShowBiz Carousel -->\r\n    <div id=\"our-clients\" class=\"our-clients-cont showbiz-container ten carousel columns\" >\r\n\r\n    <!-- Portfolio Entries -->\r\n    <div class=\"showbiz our-clients\" data-left=\"#showbiz_left_2\" data-right=\"#showbiz_right_2\">\r\n    <div class=\"overflowholder\"><\/p>\n<ul>\n<li><a href=\"http:\/\/www.tet.si\/\" target=\"_blank\" rel=\"noopener\"><img loading=\"lazy\" title=\"TET\" src=\"\/wp-content\/uploads\/2014\/07\/TET-min_220px_.jpg\" alt=\"\" width=\"250\" height=\"150\" \/><\/a><\/li>\n<li><a href=\"http:\/\/www.te-tol.si\/\" target=\"_blank\" rel=\"noopener\"><img loading=\"lazy\" title=\"TE-TOL\" src=\"\/wp-content\/uploads\/2014\/07\/logo_tetol-min___.jpg\" alt=\"\" width=\"250\" height=\"150\" \/><\/a><\/li>\n<li><a href=\"http:\/\/www.te-sostanj.si\/en\/\" target=\"_blank\" rel=\"noopener\"><img loading=\"lazy\" title=\"TES\" src=\"\/wp-content\/uploads\/2014\/07\/znak_TES__velikHSE-min_200px.jpg\" alt=\"\" width=\"170\" height=\"86\" \/><\/a><\/li>\n<li><a href=\"http:\/\/www.teb.si\/en\/\" target=\"_blank\" rel=\"noopener\"><img loading=\"lazy\" title=\"TEB\" src=\"\/wp-content\/uploads\/2014\/07\/download-min_300px-1.jpg\" alt=\"\" width=\"150\" height=\"76\" \/><\/a><\/li>\n<li><a href=\"http:\/\/corporate.engie-electrabel.be\/local-player\/nuclear-3\/doel\/\" target=\"_blank\" rel=\"noopener\"><img loading=\"lazy\" title=\"electrabel\" src=\"\/wp-content\/uploads\/2014\/07\/engieElectrabel_200px.png\" alt=\"\" width=\"187\" height=\"95\" \/><\/a><\/li>\n<li><a href=\"http:\/\/www.hse.si\/en\/\" target=\"_blank\" rel=\"noopener\"><img loading=\"lazy\" title=\"HSE\" src=\"\/wp-content\/uploads\/2014\/07\/HSE_250px.jpg\" alt=\"\" width=\"170\" height=\"86\" \/><\/a><\/li>\n<li><a href=\"http:\/\/www.turboinstitut.com\/\" target=\"_blank\" rel=\"noopener\"><img loading=\"lazy\" title=\"Turboinstitute\" src=\"\/wp-content\/uploads\/2014\/07\/KOLEKTOR.png\" alt=\"\" width=\"250\" height=\"95\" \/><\/a><\/li>\n<li><a href=\"http:\/\/powerplants.vattenfall.com\/schwarze-pumpe\" target=\"_blank\" rel=\"noopener\"><img loading=\"lazy\" title=\"Schwarze Pumpe\" src=\"\/wp-content\/uploads\/2014\/07\/Vattenfal_300px.jpg\" alt=\"\" width=\"250\" height=\"95\" \/><\/a><\/li>\n<li><a href=\"https:\/\/www.cez.cz\/en\/power-plants-and-environment\/nuclear-power-plants\/dukovany.html\" target=\"_blank\" rel=\"noopener\"><img loading=\"lazy\" title=\"dukovany\" src=\"\/wp-content\/uploads\/2014\/07\/CEZ_GROUP.png\" alt=\"\" width=\"250\" height=\"95\" \/><\/a><\/li>\n<\/ul>\n<p><div class=\"clearfix\"><\/div>\r\n    <\/div>\r\n    <div class=\"clearfix\"><\/div>\r\n    <\/div>\r\n    <\/div>\r\n    <!-- Navigation \/ Right -->\r\n    <div class=\"one carousel column omega\"><div id=\"showbiz_right_2\" class=\"sb-navigation-right-2\"><i class=\"icon-angle-right\"><\/i><\/div><\/div><\/div><\/p>\n<\/div>\n<h3 class=\"headline\" style=\"margin-top:0px;\"> Publikationen <\/h3><span class=\"line\" style=\"margin-bottom:35px;\"><\/span><div class=\"clearfix\"><\/div>\n<div class=\"pf-content; max-width:100%;\" style=\"text-align: justify;\">\n<p style=\"font-weight: 600; font-size: 105%;\">Im Folgenden finden Sie die gesammelte Referenzen von JS Energija, in Zusammenarbeit mit der Universit\u00e4t von Lund (Schweden), Universit\u00e4t von Stavanger (Norwegen), Universit\u00e4t von Ljubljana (Slowenien) und Universit\u00e4t von Jadavpur (Indien). Viele der Referenzen stammen aus der Ver\u00f6ffentlichung der Berichte und Industrieprojekten die auf mehreren internationalen Konferenzen pr\u00e4sentiert waren. Einige Forschungsergebnisse wurden noch einen Schritt weiter gebracht und als wissenschaftliche Artikel ver\u00f6ffentlicht.<\/p>\n<p>SMREKAR, Jure, HO\u010cEVAR Marko. Profiling, diagnostics and evaluation of cooling towers. Cooling Technology Institute annual conference, New Orleans, LA, February 2019.<\/p>\n<p>SMREKAR, Jure, GOSTIN\u010cAR Primo\u017e, SARJA\u0160, Andrej, HO\u010cEVAR, Marjan. NOx reduction and efficiency improvement of a 210 MWt coal-fired boiler co-firing biomass. The 29th International Conference on Efficiency, Cost, Optimization, Simulation and Environmental Impact of Energy Systems, June 2016, Portoro\u017e, Slovenia. <a href=\"\/wp-content\/uploads\/2014\/07\/ECOS16.pdf\" target=\"_blank\" rel=\"noopener\">Download<\/a><\/p>\n<p>SMREKAR, Jure, ASSADI, Mohsen, FAST, Magnus, KU\u0160TRIN, Igor, DE, S. Development of artificial neural network model for a coal-fired boiler using real plant data. Energy, ISSN 0360-5442. [Print ed.], Feb. 2009, vol. 34, issue 2. <a href=\"http:\/\/dx.doi.org\/10.1016\/j.energy.2008.10.010\" target=\"_blank\" rel=\"noopener\"> http:\/\/dx.doi.org\/10.1016\/j.energy.2008.10.010<\/a>.<\/p>\n<p>KU\u0160TRIN, Igor, OMAN, Janez, TUMA, Matija. Methods and results of performance test of 275 MW unit at power plant \u0160o\u0161tanj. V: DEJANOVI\u010c, Boris (ur.), RIBARI\u010c-LASNIK, Cvetka (ur.).\u00a0<em>Sanation of the thermo-power plants: proceedings of the 1st international symposium, Roga\u0161ka Slatina, Slovenia, May 1997, Papers<\/em>. \u0160o\u0161tanj: Power plant; Ljubljana 1997.<\/p>\n<p>KU\u0160TRIN, Igor, LENART, Jo\u017ee, KOKOVNIK, Alojz, GOSTIN\u010cAR, Primo\u017e, HO\u010cEVAR, Marjan. Combustion optimization with respect to coal-dust distribution between burner nozzles. 21. International Expert Meeting, May 2012, Maribor, Slovenia.<\/p>\n<p>\u0160IROK, Brane, HO\u010cEVAR, Marko, NOVAK, Matej. Nuclear power station tihange-2: cooling tower measurement report. Ljubljana: Turboin\u0161titut, 2002.<\/p>\n<p>\u0160IROK, Brane, HO\u010cEVAR, Marko, JERE, Franc, NOVAK, Matej<em>. Nuclear power station DOEL-3: cooling tower measurement report<\/em>. Ljubljana: Turboinstitut, 2003.<\/p>\n<p>SENEGA\u010cNIK, Andrej, KU\u0160TRIN, Igor, OMAN, Janez, LENART, Jo\u017ee. Cooling of coal fan-type pulverizers after low-NOx burners installation. V: 14. International Expert Meeting, May 2005, Maribor, Slovenia.<\/p>\n<p>KU\u0160TRIN, Igor, HO\u010cEVAR, Marko, SEKAV\u010cNIK, Mihael, JURJEV\u010cI\u010c, Bo\u0161tjan. Acceptance test of the cooling system at Unit 6 at power plant \u0160o\u0161tanj [Slovene language; original title: Garancijski preizkusi hladilnega sistema bloka 6: Termoelektrarna \u0160o\u0161tanj]. Faculty of Mechanical Engineering, LTE, Ljubljana, September 2015.<\/p>\n<p>ROTAR, Maja, KU\u0160TRIN, Igor, OMAN, Janez. Performance test of cooling system of unit 5 at power plant \u0160o\u0161tanj after modification of cooling tower spray system [Slovene language; original title: Preizkus hladilnega sistema bloka 5 TE \u0160o\u0161tanj po predelavi pr\u0161\u010di\u0161\u010da hladilnega stolpa]. Ljubljana, Fakulteta za strojni\u0161tvo, LTE, September 2000.<\/p>\n<p>TUMA, Matija, KU\u0160TRIN, Igor, OMAN, Janez. The usage of waste heat in the cooling tower at a power plant [Slovene language; original title: Izkori\u0161\u010danje odpadne toplote v hladilnem stolpu termoelektrarne]. Termotehnika, ISSN 0350-218X, 1987.<\/p>\n<p>OMAN, Janez, SENEGA\u010cNIK, Andrej, KU\u0160TRIN, Igor. Thermal testing of power plant units &#8211; methods and results. <em>Power and process plants = Energie- und verfahrenstechnische Anlagen,<\/em> Dubrovnik, May, 2000.<\/p>\n<p>SENEGA\u010cNIK, Andrej, KU\u0160TRIN, Igor, OMAN, Janez. Five enhancements to the standard indirect method for determining a steam boiler&#8217;s efficiency.\u00a0<em>VGB powertech<\/em>, ISSN 1435-3199, 2006, 86(13).<\/p>\n<p>SENEGA\u010cNIK, Andrej, KU\u0160TRIN, Igor, SEKAV\u010cNIK, Mihael. Accuracy improvement analysis of the standard indirect method for determining a steam boiler&#8217;s efficiency.\u00a0<em>VGB powertech<\/em>, ISSN 1435-3199, 2008, 12(88).<\/p>\n<p>KU\u0160TRIN, Igor, GOSTIN\u010cAR, Primo\u017e. Measures for efficiency improvement and emission reduction in coal fired Power plant Ljubljana. V:\u00a0<em>Upgrading and efficiency improvements in coal-fired power plants<\/em>. London: IEA Clean Coal Centre, 2013, str. [1-22].<\/p>\n<p>SMREKAR J, PANDIT D., FAST M., ASSADI M., DE S. Prediction of power output of a coal-fired power plant by artificial neural network. Neural Computing and Applications, July 2010, Volume 19, Issue 5, pp 725-740. <a href=\"http:\/\/dx.doi.org\/10.1007\/s00521-009-0331-6\" target=\"_blank\" rel=\"noopener\">http:\/\/dx.doi.org\/10.1007\/s00521-009-0331-6<\/a>.<\/p>\n<p>KU\u0160TRIN, Igor, OMAN, Janez, BOLE, Igor, GOSTIN\u010cAR, Primo\u017e. Effects of wood chips co-firing operation of boiler 3 Power Plant Ljubljana. International Conference on District Energy, Portoro\u017e, Slovenia, March 2011.<\/p>\n<p>KU\u0160TRIN, Igor, BOLE, Igor, OMAN, Janez. Fuel energy allocation between heat and power according to &#8222;referential units and equal savings&#8220; method in case of combined cycle power plant. 18. International Expert Meeting, May 2009, Maribor, Slovenia.<\/p>\n<p>SENEGA\u010cNIK, Andrej, KU\u0160TRIN, Igor, BOLE, Igor, OMAN, Janez. Additional district water heater installation in Power plant Ljubljana. V: 15. International Expert Meeting, May 2006,<em> Maribor, Slovenia<\/em>.<\/p>\n<p>OMAN, Janez, KU\u0160TRIN, Igor, BOLE, Igor, GOSTIN\u010cAR, Primo\u017e. Boilers 1 in 2 firing systems reconstruction in power plant Ljubljana. V: VIII. Expert meeting of Slovene district energy association, Portoro\u017e, March 2005.<\/p>\n<p>KU\u0160TRIN, Igor, GOSTIN\u010cAR, Primo\u017e. SENEGA\u010cNIK, Andrej, KU\u0160TRIN, Igor, BOLE, Igor. Annual share of heat and power determination method in case of biomass cofiring in the heat and power plant Ljubljana. <em>Proceedings<\/em>. Ljubljana: Slovene district energy association, 2009.<\/p>\n<p>KU\u0160TRIN, Igor, OMAN, Janez. Optimising old condenser operation parameters. V:\u00a0<em>Operation and maintenance in power plants: [conference proceedings]: London, UK, February 1998<\/em>. UK: Modern Power Systems, Wilmington Business Publishing, 1998.<\/p>\n<p>SMREKAR, Jure, POTO\u010cNIK, Primo\u017e, SENEGA\u010cNIK, Andrej. Multi-step-ahead prediction of NOx emissions for a coal-based boiler. Applied energy, ISSN 0306-2619, Jun. 2013, vol. 106.\u00a0 <a href=\"http:\/\/dx.doi.org\/10.1016\/j.apenergy.2012.10.056\" target=\"_blank\" rel=\"noopener\">http:\/\/dx.doi.org\/10.1016\/j.apenergy.2012.10.056<\/a>.<\/p>\n<p>FAST, Magnus, ASSADI, Mohsen, SMREKAR, Jure. Application of artificial neural network to the condition monitoring and diagnosis of a CHP plant. V: Proceedings of the 21th International Conference on Efficiency, Cost, Optimization, Simulation and Environmental Impact of Energy Systems, Cracow-Gliwice, Poland, June, 2008.<\/p>\n<p>DROBNI\u010c, Bo\u0161tjan, OMAN, Janez, KU\u0160TRIN, Igor, ROTNIK, Uro\u0161. Optimizing the locations of the measuring points for an online calculation of the exhaust flue-gas loss.\u00a0<em>Forschung im Ingenieurwesen<\/em>, ISSN 0015-7899, 2005, 69 (2).<\/p>\n<p>OMAN, Janez, SENEGA\u010cNIK, Andrej, KU\u0160TRIN, Igor, VRTA\u010cNIK, Jaroslav, ROTNIK, Uro\u0161, LENART, Jo\u017ee. Thermodynamic optimisation of a power plant after employment of an additional economiser.\u00a0<em>VGB powertech<\/em>, ISSN 1435-3199, 2002.<\/p>\n<p>KU\u0160TRIN, Igor, TUMA, Matija. The Effectiveness of Heat Transfer From Flue Gases to Ammonia-Water Mixtures.\u00a0<em>Journal of engineering for gas turbines and power<\/em>, ISSN 0742-4795, 1994, 116(1).<\/p>\n<p>SMREKAR J., ASSADI M. Comparison study of an in-house developed tool and commercial software for ANN modeling. Industrial Engineering and Engineering Management (IE&amp;EM), 2010 IEEE 17Th International Conference on, Oct. 2010, pp: 1510 \u2013 1516, Print ISBN: 978-1-4244-6483-8. <a href=\"http:\/\/dx.doi.org\/10.1109\/ICIEEM.2010.5646037\" target=\"_blank\" rel=\"noopener\">http:\/\/dx.doi.org\/10.1109\/ICIEEM.2010.5646037<\/a>.<\/p>\n<p>SMREKAR, Jure, KU\u0160TRIN, Igor, OMAN, Janez. Methodology for evaluation of cooling tower performance &#8211; Part 1: description of the methodology. Energy Conversion and Management, ISSN 0196-8904. [Print ed.], 2011, vol. 52, iss. 11.<\/p>\n<p>SMREKAR, Jure, SENEGA\u010cNIK, Andrej, F\u00dcHRER, Claus. Methodology for evaluation of cooling tower performance. Part 2, Application of the methodology and computational aspects of Poppe equations. Energy Conversion and Management, ISSN 0196-8904. [Print ed.], Oct. 2011, 52(11). <a href=\"http:\/\/dx.doi.org\/10.1016\/j.enconman.2011.05.004\" target=\"_blank\" rel=\"noopener\"> http:\/\/dx.doi.org\/10.1016\/j.enconman.2011.05.004<\/a>.<\/p>\n<p><strong>\u00a0<\/strong>NOVAK, Matej, \u0160IROK, Brane, BLAGOJEVI\u0106, Bogdan, HO\u010cEVAR, Marko, ROTAR, Maja. CTP method &#8211; diagnostic method for control of cooling tower operation.\u00a0<em>VGB powertech<\/em>, ISSN 1435-3199, 2003, 83 (1\/2).<\/p>\n<p>\u0160IROK, Brane, ROTAR, Maja, HO\u010cEVAR, Marko, DULAR, Matev\u017e, SMREKAR, Jure, BAJCAR, Tom. Improvement of the thermodynamic properties in a natural-draft cooling tower. Journal of Mechanical Engineering, ISSN 0039-2480, 2007, 53(5).<\/p>\n<p>SMREKAR, Jure, OMAN, Janez, \u0160IROK, Brane. Improving the efficiency of natural draft cooling towers. Energy Conversion and Management, ISSN 0196-8904. [Print ed.], 2006, 47(9\/10). <a href=\"http:\/\/dx.doi.org\/10.1016\/j.enconman.2005.07.012\" target=\"_blank\" rel=\"noopener\">http:\/\/dx.doi.org\/10.1016\/j.enconman.2005.07.012<\/a>.<\/p>\n<p>SMREKAR, Jure, OMAN, Janez, \u0160IROK, Brane. A statistical approach to the analysis of cooling systems with natural-draftcooling towers. Journal of Mechanical Engineering, ISSN 0039-2480, 2005, 51(11).<\/p>\n<p>OMAN, Janez, \u0160IROK, Brane, KU\u0160TRIN, Igor, SMREKAR, Jure. The influence of transient phenomena in cooling tower and condenser on the efficiency of power plant. V: SILVEIRA, Jos\u00e9 Luz (ur.). Electricity generation and transmission: 5th latin-american congress, November, 2003, Sao Pedro-SP, Brazil, 2003, [8].<\/p>\n<p>OMAN, Janez, \u0160IROK, Brane, SMREKAR, Jure. Preventing exergy destruction in the cold end of a power plant. V: Energy and environment, Napoli, 2004.<\/p>\n<p>\u0160IROK, Brane, BLAGOJEVI\u0106, Bogdan, NOVAK, Matej, HO\u010cEVAR, Marko, JERE, Franc. Energy and mass transfer phenomena in natural draft cooling towers.\u00a0<em>Heat transfer engineering<\/em>, ISSN 0145-7632, 2003, 24(3).<\/p>\n<p>ROTAR, Maja, \u0160IROK, Brane, DROBNI\u010c, Bo\u0161tjan, NOVAK, Matej, DONEVSKI, Bozin. A numerical analysis of the local anomalles in a natural-draft cooling tower.\u00a0<em>Heat transfer engineering<\/em>, ISSN 0145-7632, 2005, 26(9). <a href=\"http:\/\/dx.doi.org\/10.1080\/01457630500207592\" target=\"_blank\" rel=\"noopener\">http:\/\/dx.doi.org\/10.1080\/01457630500207592<\/a>.<\/p>\n<p>\u0160IROK, Brane, HO\u010cEVAR, Marko, BAJCAR, Tom, BLAGOJEVI\u0106, Bogdan, DVOR\u0160EK, Matja\u017e, NOVAK, Matej. Thermovision method for diagnostics of local characteristics of natural draft cooling towers.\u00a0<em>Instrumentation science &amp; technology<\/em>, ISSN 1073-9149, 2006, 34(3).<\/p>\n<p>ROTAR, Maja, DROBNI\u010c, Bo\u0161tjan, NOVAK, Matej, \u0160IROK, Brane, DONEVSKI, Bozin. Numerical modelling of transfer phenomena in natural draft cooling towers. V: SUND\u00c9N, Bengt (ur.), VILEMAS, Jurgis (ur.).\u00a0<em>Advances in heat transfer engineering: proceedings of the 4th Baltic heat transfer conference, Kaunas, Lithuania, August 25-27, 2003<\/em>. New York: Begell House, Inc.; Kaunas: Lithuanian Energy Institute, 2003.<\/p>\n<p>NOVAK, Matej, HO\u010cEVAR, Marko, \u0160IROK, Brane, BLAGOJEVI\u0106, Bogdan, ROTAR, Maja. New developed diagnostic method for control of cooling tower operation. <em>ECOS 2003: bridge to our energy future: proceedings of the 16th International Conference on Efficiency, Costs, Optimization, Simulation and Environmental Impact of Energy Systems, Copenhagen, June\/July, 2003<\/em>. Kgs. Lyngby, Denmark: Technical University of Denmark, Department of Mechanical Engineering, 2003, vol. 1.<\/p>\n<p>ROTAR, Maja, \u0160IROK, Brane, NOVAK, Matej, VANORMELINGEN, J., VAN DIJEN, F., DEFLOOR, J. Homogenisation of thermodynamic properties in natural draft cooling towers. <em>Thermal sciences 2004: proceedings of the ASME &#8211; ZSIS International Thermal Science Seminar II, Bled, Slovenia, June, 2004<\/em>.<\/p>\n<p>\u0160IROK, Brane, OMAN, Janez, HO\u010cEVAR, Marko, BLAGOJEVI\u0106, Bogdan, KU\u0160TRIN, Igor. Transient phenomena in cooling tower induced by load dynamics of power plant. V: TMT 2003, 7th International Research\/Expert Conference Trends in the Development Machinery and AssociatedTechnology, Lloret de Mar, Barcelona, Spain, September 2003.<\/p>\n<p>ROTAR, Maja, \u0160IROK, Brane, TUMA, Matija, NOVAK, Matej, HO\u010cEVAR, Marko. Exit air mapping and engineering analysis of cooling tower performance with aid of a mobile robot unit. V. Dubrovnik, 2000. ILJA\u0160, <em>Power and process plants = Energie- und verfahrenstechnische Anlagen<\/em>. Zagreb: Energetika Marketing, 2000.<\/p>\n<p>\u0160IROK, Brane, RUS, Toma\u017e, NOVAK, Matej, VRABI\u010c, Gorazd. Thermal performance pre-upgrade exit air mapping and engineering analysis of cooling towers performance. V: Illinois Institute of Technology, 60th Annual Meeting, Chicago, USA, 1998.<\/p>\n<p>SMREKAR, Jure, OMAN, Janez, \u0160IROK, Brane, MORI, Mitja, HO\u010cEVAR, Marko. A cross-correlation optical velocimeter. Measurement science &amp; technology, ISSN 0957-0233, 2007, 18(3). <a href=\"http:\/\/dx.doi.org\/10.1088\/0957-0233\/18\/3\/003\" target=\"_blank\" rel=\"noopener\">http:\/\/dx.doi.org\/10.1088\/0957-0233\/18\/3\/003<\/a>.<\/p>\n<p>DROBNI\u010c, Bo\u0161tjan, SEKAV\u010cNIK, Mihael, SMREKAR, Jure, OMAN, Janez. Empirical analisys of flue gas enthalpy. Zbornik. Maribor: Univerza, 2004.<\/p>\n<p>SEKAV\u010cNIK, Mihael, MORI, Mitja, NOVAK, Lovrenc, SMREKAR, Jure, TUMA, Matija. Heat transfer evaluation method in complex rotating environments employing IR thermography and CFD. Experimental heat transfer, 2008, 21(2). <a href=\"http:\/\/dx.doi.org\/10.1080\/08916150701815770\" target=\"_blank\" rel=\"noopener\">http:\/\/dx.doi.org\/10.1080\/08916150701815770<\/a>.<\/p>\n<\/div>\n<p><div class=\"printfriendly pf-alignleft\"><a href=\"http:\/\/jsenergy.si\/de\/referenzen\/?pfstyle=wp\" rel=\"nofollow\"  title=\"Printer Friendly, PDF & Email\"><img src=\"http:\/\/jsenergy.si\/wp-content\/uploads\/2014\/07\/printer-blue-40x40px_.png\" alt=\"Print Friendly, PDF & Email\" style=\"display: inline; vertical-align:text-bottom; margin:0; padding:0; border:none; -webkit-box-shadow:none; -moz-box-shadow:none; box-shadow: none;\" \/><\/a><\/div> <a href=\"mailto:?subject=Referenzen | JS energy Ltd.&amp;body=http:\/\/jsenergy.si\/de\/referenzen\/\"><img src=\"http:\/\/jsenergy.si\/wp-content\/uploads\/2014\/07\/unnamed-38x38.png\" \/><\/a> <a href=\"http:\/\/www.linkedin.com\/shareArticle?mini=true&amp;url=http:\/\/jsenergy.si\/de\/referenzen\/&amp;title=Referenzen | JS energy Ltd.&amp;summary=Optimierung und Steuerung technischer Prozesse \" target=\"_blank\" rel=\"noopener\"><img src=\"http:\/\/jsenergy.si\/wp-content\/uploads\/2014\/07\/LindkedIn-32x36-transparent.png\" \/><\/a><\/p>\n<\/div>","protected":false},"excerpt":{"rendered":"<p>Im Folgenden finden Sie die gesammelte Referenzen von JS Energija, in Zusammenarbeit mit der Universit\u00e4t von Lund (Schweden), Universit\u00e4t von Stavanger (Norwegen), Universit\u00e4t von Ljubljana (Slowenien) und Universit\u00e4t von Jadavpur (Indien). Viele der Referenzen stammen aus der Ver\u00f6ffentlichung der Berichte und Industrieprojekten die auf mehreren internationalen Konferenzen pr\u00e4sentiert waren. Einige Forschungsergebnisse wurden noch einen Schritt<\/p>\n","protected":false},"author":3,"featured_media":0,"parent":0,"menu_order":3,"comment_status":"closed","ping_status":"closed","template":"","meta":[],"_links":{"self":[{"href":"http:\/\/jsenergy.si\/de\/wp-json\/wp\/v2\/pages\/1576"}],"collection":[{"href":"http:\/\/jsenergy.si\/de\/wp-json\/wp\/v2\/pages"}],"about":[{"href":"http:\/\/jsenergy.si\/de\/wp-json\/wp\/v2\/types\/page"}],"author":[{"embeddable":true,"href":"http:\/\/jsenergy.si\/de\/wp-json\/wp\/v2\/users\/3"}],"replies":[{"embeddable":true,"href":"http:\/\/jsenergy.si\/de\/wp-json\/wp\/v2\/comments?post=1576"}],"version-history":[{"count":12,"href":"http:\/\/jsenergy.si\/de\/wp-json\/wp\/v2\/pages\/1576\/revisions"}],"predecessor-version":[{"id":3275,"href":"http:\/\/jsenergy.si\/de\/wp-json\/wp\/v2\/pages\/1576\/revisions\/3275"}],"wp:attachment":[{"href":"http:\/\/jsenergy.si\/de\/wp-json\/wp\/v2\/media?parent=1576"}],"curies":[{"name":"wp","href":"https:\/\/api.w.org\/{rel}","templated":true}]}}