{"id":1580,"date":"2014-06-18T05:20:44","date_gmt":"2014-06-18T04:20:44","guid":{"rendered":"http:\/\/jsenergy.si\/?page_id=1580"},"modified":"2015-02-17T13:32:46","modified_gmt":"2015-02-17T12:32:46","slug":"uber-uns","status":"publish","type":"page","link":"http:\/\/jsenergy.si\/de\/uber-uns\/","title":{"rendered":"\u00dcber uns"},"content":{"rendered":"<div class=\"pf-content\"><div class=\"pageTextArea\">\n<p align=\"justify\">Das Unternehmen JS energy Ltd. wurde in Ljubljana gegr\u00fcndet. Es wurde mit dem Ziel geboren, eine umfassende und bew\u00e4hrte Produkte und Dienstleistungen von hoher Qualit\u00e4t f\u00fcr Industrieanlagen, wie z. B. Kraftwerke, pharmazeutische Prozesse, Papier- und Zellstoffherstellung, Petrochemie, chemische Prozesse usw. zu bieten. <\/p>\n<p align=\"justify\">JS Energy Ltd. ist ein entwicklungsorientiertes Unternehmen, das die eigenen Produkte und Dienstleistungen entwickelt hat, um die Bed\u00fcrfnisse der verschiedenen Branchen erf\u00fcllen zu k\u00f6nnen. Aufgrund der EU-Vorschriften \u00fcber die Emissionen und der allgemeinen globalen Tendenzen, um die Verschmutzung der Erde zu reduzieren, legen wir in den letzten Jahren den Wert auf die Entwicklung von L\u00f6sungen, die mit der Optimierung der Verwaltung und Leistungsverbesserung von Systemen im Energie- und Prozessanlagen zu tun haben. Dies umfasst Industriekessel, W\u00e4rmetauscher, K\u00fchlsysteme, Mischprozesse, chemische Prozesse, petrochemische Prozesse, Verfahren zur Evaluierung der Betrieb von Systemen und Prozessen usw. Dar\u00fcber hinaus bieten wir Beratung, Wartung und Leistungstests f\u00fcr die Energie- und Prozesssysteme. <\/p>\n<p align=\"justify\">Als entwicklungsorientiertes Unternehmen sind wir in den Entwicklungsprojekten aktiv, in denen wir mit verschiedenen universit\u00e4ten kooperieren, wie z. B. mit der Universit\u00e4t von Ljubljana (Slowenien), Universit\u00e4t von Stavanger (Norwegen), Universit\u00e4t von Lund (Schweden), Universit\u00e4t von Jadavpur (Indien) und der Universit\u00e4t von Maribor (Slowenien). Viele unserer Industrieprojekte, die viele Neuerungen enthalten, wurden in Publikationen und in wissenschaftlichen Artikeln ver\u00f6ffentlicht, und auf internationalen Konferenzen vorgestellt wie aus unseren <a href=\"http:\/\/jsenergy.si\/de\/referenzen\/\"><u>Referenzen<\/u><\/a> ersichtlich ist. <\/p>\n<p>&nbsp;<\/p>\n<p style=\"text-align: right;font-size:105%;font-weight:bold;padding-right: 50px\"> JS energy Team<\/p>\n<\/div>\n<p> <!--pageTextArea--><\/p>\n<\/div>","protected":false},"excerpt":{"rendered":"<p>Das Unternehmen JS energy Ltd. wurde in Ljubljana gegr\u00fcndet. Es wurde mit dem Ziel geboren, eine umfassende und bew\u00e4hrte Produkte und Dienstleistungen von hoher Qualit\u00e4t f\u00fcr Industrieanlagen, wie z. B. Kraftwerke, pharmazeutische Prozesse, Papier- und Zellstoffherstellung, Petrochemie, chemische Prozesse usw. zu bieten. JS Energy Ltd. ist ein entwicklungsorientiertes Unternehmen, das die eigenen Produkte und Dienstleistungen<\/p>\n","protected":false},"author":3,"featured_media":0,"parent":0,"menu_order":6,"comment_status":"closed","ping_status":"closed","template":"","meta":[],"_links":{"self":[{"href":"http:\/\/jsenergy.si\/de\/wp-json\/wp\/v2\/pages\/1580"}],"collection":[{"href":"http:\/\/jsenergy.si\/de\/wp-json\/wp\/v2\/pages"}],"about":[{"href":"http:\/\/jsenergy.si\/de\/wp-json\/wp\/v2\/types\/page"}],"author":[{"embeddable":true,"href":"http:\/\/jsenergy.si\/de\/wp-json\/wp\/v2\/users\/3"}],"replies":[{"embeddable":true,"href":"http:\/\/jsenergy.si\/de\/wp-json\/wp\/v2\/comments?post=1580"}],"version-history":[{"count":7,"href":"http:\/\/jsenergy.si\/de\/wp-json\/wp\/v2\/pages\/1580\/revisions"}],"predecessor-version":[{"id":2388,"href":"http:\/\/jsenergy.si\/de\/wp-json\/wp\/v2\/pages\/1580\/revisions\/2388"}],"wp:attachment":[{"href":"http:\/\/jsenergy.si\/de\/wp-json\/wp\/v2\/media?parent=1580"}],"curies":[{"name":"wp","href":"https:\/\/api.w.org\/{rel}","templated":true}]}}