{"id":2083,"date":"2015-02-12T10:55:14","date_gmt":"2015-02-12T09:55:14","guid":{"rendered":"http:\/\/jsenergy.si\/?page_id=2083"},"modified":"2015-02-28T23:33:15","modified_gmt":"2015-02-28T22:33:15","slug":"testiranje-ucinkovitosti-sustava","status":"publish","type":"page","link":"http:\/\/jsenergy.si\/hr\/usluge\/testiranje-ucinkovitosti-sustava\/","title":{"rendered":"Testiranje u\u010dinkovitosti sustava"},"content":{"rendered":"<div class=\"pf-content\"><div class=\"pageTextArea\">\n<p align=\"justify\" style=\"padding-bottom: 20px\">\n<img style=\"padding-top: 5px\" class=\"alignright\" src=\"http:\/\/jsenergy.si\/wp-content\/uploads\/2014\/12\/1420724016.jpg\" \/>Testiranje u\u010dinkovitosti tehni\u010dkih sustava vrlo je va\u017eno u vrednovanju kakvo\u0107e njihova djelovanja. S odgovaraju\u0107im testovima mogu\u0107e je utvrditi odstupanja od optimalnog djelovanja sustava, na osnovu kojih se mogu identificirati nepravilnosti u njihovom djelovanju te odrediti odgovaraju\u0107i radovi odnosno postupci odr\u017eavanja. Uz redovita testiranja mo\u017ee se posti\u0107i dugoro\u010dno optimalno djelovanje sustava. <br \/>\nJS Energija nudi usluge koje uklju\u010duju testiranja uspje\u0161nosti te u\u0107inkovitosti u racionalizaciji rada sustava. Na\u0161i stru\u010dnjaci imaju preko 15 godina stru\u010dnog iskustva na podru\u010dju energetskih i procesnih sustava, a tako\u0111er nudimo i odr\u017eavanje te savjetovanje u vezi sa sustavima upravljanja. <\/p>\n<p align=\"justify\" style=\"padding-bottom: 6px\">Izvodimo slijede\u0107e testove na energetskim i procesnim sustavima:<\/p>\n<div style=\"text-align:justify;padding-left: 60px;padding-bottom: 50px;text-indent: -1.7em\">\n<div class=\"list-3\"><\/p>\n<ul>\n<li>  Testiranje uspje\u0161nosti i u\u010dinkovitost sustava na nuklearnim, plinskim i parnim elektranama te njihovim dijelovima (kotlovi, turbine, kondenzatori, grija\u010di, izmjenjiva\u010di topline i rashladni sustavi)<\/li>\n<li>  Odre\u0111ivanje masnih i energetskih bilanci procesa (mjerenja i izra\u010duni)<\/li>\n<li>  Testiranje izgaranja alternativnih i hibridnih goriva u kotlovima, npr. ugljena i biomase<\/li>\n<li>  Testovi i analiza djelovanja u energetskim te procesnim sustavima i njihovim dijelovima<\/li>\n<li>  Razna istra\u017eivanja i studije u planiranju novih energetskih i procesnih sustava<\/li>\n<li>  Savjetovanje<\/li>\n<\/ul>\n<p><\/div>\n<\/p><\/div>\n<div>\n<div class=\"printfriendly pf-alignleft\"><a href=\"http:\/\/jsenergy.si\/hr\/usluge\/testiranje-ucinkovitosti-sustava\/?pfstyle=wp\" rel=\"nofollow\"  title=\"Printer Friendly, PDF & Email\"><img src=\"http:\/\/jsenergy.si\/wp-content\/uploads\/2014\/07\/printer-blue-40x40px_.png\" alt=\"Print Friendly, PDF & Email\" style=\"display: inline; vertical-align:text-bottom; margin:0; padding:0; border:none; -webkit-box-shadow:none; -moz-box-shadow:none; box-shadow: none;\" \/><\/a><\/div> <a href=\"mailto:?subject=Testiranje u\u010dinkovitosti sustava | JS energy Ltd.&amp;body=http:\/\/jsenergy.si\/hr\/usluge\/testiranje-ucinkovitosti-sustava\/\"><img src=\"http:\/\/jsenergy.si\/wp-content\/uploads\/2014\/07\/unnamed-38x38.png\"><\/a> <a href=\"http:\/\/www.linkedin.com\/shareArticle?mini=true&amp;url=http:\/\/jsenergy.si\/hr\/usluge\/testiranje-ucinkovitosti-sustava\/&amp;title=Testiranje u\u010dinkovitosti sustava | JS energy Ltd.&amp;summary=Optimiranje i nadzor tehnolo\u0161kih procesa\" target=\"_blank\"><img src=\"http:\/\/jsenergy.si\/wp-content\/uploads\/2014\/07\/LindkedIn-32x36-transparent.png\"><\/a>\n<\/div>\n<\/div>\n<p> <!--pageTextArea--><\/p>\n<\/div>","protected":false},"excerpt":{"rendered":"<p>Testiranje u\u010dinkovitosti tehni\u010dkih sustava vrlo je va\u017eno u vrednovanju kakvo\u0107e njihova djelovanja. S odgovaraju\u0107im testovima mogu\u0107e je utvrditi odstupanja od optimalnog djelovanja sustava, na osnovu kojih se mogu identificirati nepravilnosti u njihovom djelovanju te odrediti odgovaraju\u0107i radovi odnosno postupci odr\u017eavanja. Uz redovita testiranja mo\u017ee se posti\u0107i dugoro\u010dno optimalno djelovanje sustava. JS Energija nudi usluge koje<\/p>\n","protected":false},"author":3,"featured_media":0,"parent":2067,"menu_order":3,"comment_status":"closed","ping_status":"open","template":"","meta":[],"_links":{"self":[{"href":"http:\/\/jsenergy.si\/hr\/wp-json\/wp\/v2\/pages\/2083"}],"collection":[{"href":"http:\/\/jsenergy.si\/hr\/wp-json\/wp\/v2\/pages"}],"about":[{"href":"http:\/\/jsenergy.si\/hr\/wp-json\/wp\/v2\/types\/page"}],"author":[{"embeddable":true,"href":"http:\/\/jsenergy.si\/hr\/wp-json\/wp\/v2\/users\/3"}],"replies":[{"embeddable":true,"href":"http:\/\/jsenergy.si\/hr\/wp-json\/wp\/v2\/comments?post=2083"}],"version-history":[{"count":3,"href":"http:\/\/jsenergy.si\/hr\/wp-json\/wp\/v2\/pages\/2083\/revisions"}],"predecessor-version":[{"id":2472,"href":"http:\/\/jsenergy.si\/hr\/wp-json\/wp\/v2\/pages\/2083\/revisions\/2472"}],"up":[{"embeddable":true,"href":"http:\/\/jsenergy.si\/hr\/wp-json\/wp\/v2\/pages\/2067"}],"wp:attachment":[{"href":"http:\/\/jsenergy.si\/hr\/wp-json\/wp\/v2\/media?parent=2083"}],"curies":[{"name":"wp","href":"https:\/\/api.w.org\/{rel}","templated":true}]}}