{"id":2087,"date":"2015-02-12T10:59:18","date_gmt":"2015-02-12T09:59:18","guid":{"rendered":"http:\/\/jsenergy.si\/?page_id=2087"},"modified":"2015-02-17T13:32:58","modified_gmt":"2015-02-17T12:32:58","slug":"o-nama","status":"publish","type":"page","link":"http:\/\/jsenergy.si\/hr\/o-nama\/","title":{"rendered":"O nama"},"content":{"rendered":"<div class=\"pf-content\"><div class=\"pageTextArea\">\n<p align=\"justify\">Poduze\u0107e JS energija d.o.o. osnovano je u Ljubljani. Poduze\u0107e je ro\u0111eno s ciljem pru\u017eanja sveobuhvatnih te oprobanih proizvoda i usluga visoke kvalitete za industrijske objekte, kao \u0161to su elektrane, farmaceutski procesi, proizvodnja papira i celuloze, petrokemijski, kemijski procesi, itd.  <\/p>\n<p align=\"justify\">JS energija d.o.o. poduze\u0107e je koje je razvojno orijentirano te je razvilo svoje proizvode i usluge kako bi se zadovoljile potrebe razli\u010ditih industrija. Uslijed propisa Europske unije koji se odnose na emisije i ukupne globalne te\u017enje smanjenja one\u010di\u0161\u0107enja tla, u na\u0161oj tvrtki u posljednjih nekoliko godina razvijali smo rje\u0161enja koja se odnose na optimiranje upravljanja i pobolj\u0161anje djelovanja sustava u energetskim i procesnim postrojenjima. To uklju\u010duje industrijske kotlove, izmjenjiva\u010de topline, rashladne sustave, procese mije\u0161anja, kemijske procese, petrokemijske procese, postupke za ocjenu rada sustava i procesa, itd. Osim toga, nudimo savjetovanje, usluge odr\u017eavanja i testiranja kapacitetnog u\u010dinka za energetske i procesne sustave.  <\/p>\n<p align=\"justify\">Kao razvojno orijentirana tvrtka, aktivni smo u razvojnim projektima u kojima sura\u0111ujemo sa sveu\u010dili\u0161tima, kao \u0161to su Sveu\u010dili\u0161te u Ljubljani (Slovenija), Sveu\u010dili\u0161te u Stavangeru (Norve\u0161ka), Sveu\u010dili\u0161te u Lundu (\u0160vedska), Sveu\u010dili\u0161te u Jadavpuru (Indija) i Sveu\u010dili\u0161te u Mariboru (Slovenija). Mnogi od na\u0161ih industrijskih projekata, koji sadr\u017ee mnoge inovacije, objavljeni su u publikacijama i znanstvenim \u010dlancima, te predstavljeni na me\u0111unarodnim konferencijama, kao \u0161to se mo\u017ee vidjeti iz na\u0161ih <a href=\"http:\/\/jsenergy.si\/hr\/blog\/category\/page\/\"><u>preporuka.<\/u><\/a> <\/p>\n<p>&nbsp;<\/p>\n<p style=\"text-align: right;font-size:105%;font-weight:bold;padding-right: 50px\"> Team JS energija<\/p>\n<\/div>\n<p> <!--pageTextArea--><\/p>\n<\/div>","protected":false},"excerpt":{"rendered":"<p>Poduze\u0107e JS energija d.o.o. osnovano je u Ljubljani. Poduze\u0107e je ro\u0111eno s ciljem pru\u017eanja sveobuhvatnih te oprobanih proizvoda i usluga visoke kvalitete za industrijske objekte, kao \u0161to su elektrane, farmaceutski procesi, proizvodnja papira i celuloze, petrokemijski, kemijski procesi, itd. JS energija d.o.o. poduze\u0107e je koje je razvojno orijentirano te je razvilo svoje proizvode i usluge<\/p>\n","protected":false},"author":3,"featured_media":0,"parent":0,"menu_order":6,"comment_status":"closed","ping_status":"closed","template":"","meta":[],"_links":{"self":[{"href":"http:\/\/jsenergy.si\/hr\/wp-json\/wp\/v2\/pages\/2087"}],"collection":[{"href":"http:\/\/jsenergy.si\/hr\/wp-json\/wp\/v2\/pages"}],"about":[{"href":"http:\/\/jsenergy.si\/hr\/wp-json\/wp\/v2\/types\/page"}],"author":[{"embeddable":true,"href":"http:\/\/jsenergy.si\/hr\/wp-json\/wp\/v2\/users\/3"}],"replies":[{"embeddable":true,"href":"http:\/\/jsenergy.si\/hr\/wp-json\/wp\/v2\/comments?post=2087"}],"version-history":[{"count":3,"href":"http:\/\/jsenergy.si\/hr\/wp-json\/wp\/v2\/pages\/2087\/revisions"}],"predecessor-version":[{"id":2393,"href":"http:\/\/jsenergy.si\/hr\/wp-json\/wp\/v2\/pages\/2087\/revisions\/2393"}],"wp:attachment":[{"href":"http:\/\/jsenergy.si\/hr\/wp-json\/wp\/v2\/media?parent=2087"}],"curies":[{"name":"wp","href":"https:\/\/api.w.org\/{rel}","templated":true}]}}