{"id":1552,"date":"2014-06-18T05:29:24","date_gmt":"2014-06-18T04:29:24","guid":{"rendered":"http:\/\/jsenergy.si\/?page_id=1552"},"modified":"2015-03-04T13:23:25","modified_gmt":"2015-03-04T12:23:25","slug":"controllo-avanzato-dei-processi","status":"publish","type":"page","link":"http:\/\/jsenergy.si\/it\/prodotti\/controllo-avanzato-dei-processi\/","title":{"rendered":"Controllo avanzato dei processi"},"content":{"rendered":"<div class=\"pf-content\"><div class=\"pageTextArea\">\n<div align=\"justify\" style=\"padding-bottom: 20px\">\n<img style=\"padding-top: 5px\" class=\"alignright\" src=\"http:\/\/jsenergy.si\/wp-content\/uploads\/2014\/07\/1420621765.jpg\" \/>Settore energetico ed industria di processo vengono costantemente affrontati da una forte competizione sul mercato e severi requisiti ambientali. Pertanto, \u00e8 molto importante d&#8217;implementare una continua evoluzione dei sistemi, in direzione di efficienza tecnica, ottimizzazione del funzionamento, fattori economici e il rispetto dell&#8217;ambiente. In questo contesto, il rapido sviluppo di nuove tecnologie, la crescente attenzione sulla redditivit\u00e0 della produzione e requisiti ambientali globali aumentano la complessit\u00e0 dei sistemi. Ci\u00f2 suggerisce la necessit\u00e0 di un pi\u00f9 sofisticato controllo e ottimizzazione dei processi operativi, dal momento che i sistemi di regolamento convenzionali (controllori PID) non sono pi\u00f9 sufficienti per i sistemi di controllo soddisfacenti ed efficaci. <\/p>\n<p>Gruppo JS energy per questo scopo fornisce soluzioni per il controllo avanzato dei processi (CAP). E &#8216;una risposta alle esigenze moderne e problemi sempre pi\u00f9 complessi del settore. CAP risolve i problemi con i parametri multipli di input e outpu, che prendono in considerazione tutte le interazioni tra i parametri. In questo contesto, per ottimizzare il controllo dei sistemi in tempo reale, tengono conto dei vincoli sistemici e gli obiettivi desiderati, come ad esempio i fattori economici, l&#8217;efficienza del sistema, riduzione dell&#8217;emissioni, ecc. La tecnologia CAP \u00e8 basata su metodi moderni di controllo predittivo dei processi. <\/p>\n<\/div>\n<h3 class=\"headline\" style=\"margin-top:0px;\"> Il principio di controllo predittivo dei processi  <\/h3><span class=\"line\" style=\"margin-bottom:35px;\"><\/span><div class=\"clearfix\"><\/div>\n<p align=\"justify\">Il controllo predittivo dei processi viene utilizzato per risolvere i problemi multivariati di controllo dei sistemi e rappresenta la tecnologia preferita in molti sistemi complessi. Prestazioni del controllo predittivo sono basati su una maggiore potenza di calcolo con molti vantaggi pratici, entrati in uso in conseguenza dello sviluppo della tecnologia informatica negli ultimi decenni. Algoritmo di controllo predittivo utilizza i seguenti articoli per calcolare la strategia ottimale delle variabili di processo del ingresso:\n<\/p>\n<div style=\"padding-left: 50px\">\n<ul>\n<li> Modello matematico del sistema<\/li>\n<li> Dati precedenti <\/li>\n<li> Funzione di costo <\/li>\n<\/ul>\n<\/div>\n<p align=\"justify\">L&#8217;equazione generale per il calcolo della funzione di costo:<\/p>\n<p><img style=\"padding-bottom: 20px\" src=\"http:\/\/jsenergy.si\/wp-content\/uploads\/2014\/07\/cost-function1-e1406647319477.png\" \/><\/p>\n<p>La figura seguente mostra l&#8217;idea di base del controllo predittivo dei processi.<\/p>\n<div style=\"padding-top: 20px;padding-bottom: 40px\" align=\"center\"><img src=\"http:\/\/jsenergy.si\/wp-content\/uploads\/2014\/07\/MPC_W600px.jpg\" alt=\"\" \/><br \/>\nPresentazione del principio di controllo predittivo dei processi.<\/div>\n<p style=\"padding-bottom: 20px\" align=\"justify\">\nIl controllo predittivo dei processi sulla base del processo matematico di ottimizzazione attraverso l&#8217;orizzonte predittivo Hp, comporta le impostazioni ottimali di variabili del processo. In qualsiasi momento t, utilizzando lo stato attuale del sistema e sulla base della funzione di costo, \u00e8 possibile calcolare la strategia ottimale delle variabili di processo per l&#8217;intervallo [t, t + Hc] in futuro. \u00c8 un calcolo di impostazioni ottimali in tempo reale, tenendo conto delle misure precedenti delle variabili di controllo, gli obiettivi desiderati e le limitazioni meccanici del sistema.\n<\/p>\n<h3 class=\"headline\" style=\"margin-top:0px;\"> Vantaggi<\/h3><span class=\"line\" style=\"margin-bottom:35px;\"><\/span><div class=\"clearfix\"><\/div>\n<p align=\"justify\">CAP rappresenta l&#8217;approccio pi\u00f9 moderno nel controllo di sistemi complessi con parametri di processo molteplici e interconnessi. Vantaggi delle tecnologie CAP sono:<\/p>\n<div style=\"padding-left: 70px;padding-bottom: 30px;text-align: justify;text-indent: -2.0em\">\n<div class=\"list-3\"><\/p>\n<ul>\n<li>Uso esplicito di un modello matematico del processo: con l&#8217;utilizzo del modello e misurazioni precedenti \u00e8 possibile simulare la continuit\u00e0 di funzionamento del sistema. Le simulazioni sono utilizzati per determinare l&#8217;impostazione ottimale delle grandezze di regolazione. <\/li>\n<li>Occupazione esplicita con i limitazioni del sistema: ottimizzazione dei processi \u00e8 preoccupata con i limiti fisici del sistema e calcola una soluzione che non danneggia le prestazioni del sistema. <\/li>\n<li>Formulazione diretta del problema, basata su una buona comprensione dei concetti fisici <\/li>\n<li>Una buona comprensione dei parametri per l&#8217;ottimizzazione del sistema (pesi, orizzonte predittiva, l&#8217;impostazione del problema di ottimizzazione, ecc) <\/li>\n<li>Risolvere sistemi complessi con molteplici ingressi e uscite <\/li>\n<li>Facile impiego di ottimizzazione statica in aggiunta alla matrice dinamica del processo <\/li>\n<li>Facilit\u00e0 di manutenzione: cambiamenti del modello o d&#8217;insieme di specifiche relative ai sistemi di controllo non richiedono una completa ristrutturazione, spesso gli aggiornamenti possono essere eseguiti durante il funzionamento del sistema <\/li>\n<li>Il tempo di sviluppo \u00e8 brevissimo rispetto ai metodi avanzati concorrenti di controllo dei sistemi. <\/li>\n<\/ul>\n<p><\/div>\n<\/p><\/div>\n<h3 class=\"headline\" style=\"margin-top:0px;\"> Benefici <\/h3><span class=\"line\" style=\"margin-bottom:35px;\"><\/span><div class=\"clearfix\"><\/div>\n<p align=\"justify\">L&#8217;applicazione della soluzione CAP produce i benefici sostanziali: <\/p>\n<div style=\"padding-left: 70px;padding-bottom: 30px;text-align: justify;text-indent: -2.0em\">\n<div class=\"list-3\"><\/p>\n<ul>\n<li>Maggiore efficienza del sistema a causa di una maggiore produttivit\u00e0 complessiva e ridotto consumo energetico<\/li>\n<li>Miglioramento di affidabilit\u00e0, disponibilit\u00e0 del sistema e riduzione dei tempi di fermo<\/li>\n<li>Maggiore sicurezza grazie al funzionamento all&#8217;interno di vincoli del processo<\/li>\n<li>Ciclo di vita esteso delle risorse<\/li>\n<li>Diminuzione dei costi operativi<\/li>\n<li>Maggiore flessibilit\u00e0 operativa<\/li>\n<\/ul>\n<p><\/div>\n<\/p><\/div>\n<h3 class=\"headline\" style=\"margin-top:0px;\"> Campi di applicazione <\/h3><span class=\"line\" style=\"margin-bottom:35px;\"><\/span><div class=\"clearfix\"><\/div>\n<p align=\"justify\"> I campi pi\u00f9 comuni di uso sono: <\/p>\n<div style=\"padding-left: 35px\">\n<ul>\n<li> Impianti a vapore (centrali termiche, caldaie industriali, ecc.)<\/li>\n<li> Processo combinato gas-vapore<\/li>\n<li> Processi farmaceutici<\/li>\n<li> Processi chimici<\/li>\n<li> Processi petrolchimici<\/li>\n<li> Processi per la produzione di cellulosa e carta<\/li>\n<li> Processi di lavorazione dei metalli<\/li>\n<\/ul>\n<\/div>\n<p>\n<\/br><br \/>\n<div class=\"printfriendly pf-alignleft\"><a href=\"http:\/\/jsenergy.si\/it\/prodotti\/controllo-avanzato-dei-processi\/?pfstyle=wp\" rel=\"nofollow\"  title=\"Printer Friendly, PDF & Email\"><img src=\"http:\/\/jsenergy.si\/wp-content\/uploads\/2014\/07\/printer-blue-40x40px_.png\" alt=\"Print Friendly, PDF & Email\" style=\"display: inline; vertical-align:text-bottom; margin:0; padding:0; border:none; -webkit-box-shadow:none; -moz-box-shadow:none; box-shadow: none;\" \/><\/a><\/div> <a href=\"mailto:?subject=Controllo avanzato dei processi | JS energy Ltd.&amp;body=http:\/\/jsenergy.si\/it\/prodotti\/controllo-avanzato-dei-processi\/\"><img src=\"http:\/\/jsenergy.si\/wp-content\/uploads\/2014\/07\/unnamed-38x38.png\" alt=\"\" \/><\/a> <a href=\"https:\/\/www.linkedin.com\/shareArticle?summary=Ottimizzazione e controllo dei processi tecnologici%21&amp;title=Controllo avanzato dei processi+%7C+JS+energy+Ltd%2E&amp;mini=true&amp;url=http:\/\/jsenergy.si\/it\/prodotti\/controllo-avanzato-dei-processi\/\" target=\"_blank\"><img src=\"http:\/\/jsenergy.si\/wp-content\/uploads\/2014\/07\/LindkedIn-32x36-transparent.png\" alt=\"\" \/><\/a>\n<\/p>\n<\/div>\n<p> <!--pageTextArea--><\/p>\n<\/div>","protected":false},"excerpt":{"rendered":"<p>Settore energetico ed industria di processo vengono costantemente affrontati da una forte competizione sul mercato e severi requisiti ambientali. Pertanto, \u00e8 molto importante d&#8217;implementare una continua evoluzione dei sistemi, in direzione di efficienza tecnica, ottimizzazione del funzionamento, fattori economici e il rispetto dell&#8217;ambiente. In questo contesto, il rapido sviluppo di nuove tecnologie, la crescente attenzione<\/p>\n","protected":false},"author":3,"featured_media":0,"parent":1652,"menu_order":0,"comment_status":"closed","ping_status":"closed","template":"","meta":[],"_links":{"self":[{"href":"http:\/\/jsenergy.si\/it\/wp-json\/wp\/v2\/pages\/1552"}],"collection":[{"href":"http:\/\/jsenergy.si\/it\/wp-json\/wp\/v2\/pages"}],"about":[{"href":"http:\/\/jsenergy.si\/it\/wp-json\/wp\/v2\/types\/page"}],"author":[{"embeddable":true,"href":"http:\/\/jsenergy.si\/it\/wp-json\/wp\/v2\/users\/3"}],"replies":[{"embeddable":true,"href":"http:\/\/jsenergy.si\/it\/wp-json\/wp\/v2\/comments?post=1552"}],"version-history":[{"count":10,"href":"http:\/\/jsenergy.si\/it\/wp-json\/wp\/v2\/pages\/1552\/revisions"}],"predecessor-version":[{"id":2503,"href":"http:\/\/jsenergy.si\/it\/wp-json\/wp\/v2\/pages\/1552\/revisions\/2503"}],"up":[{"embeddable":true,"href":"http:\/\/jsenergy.si\/it\/wp-json\/wp\/v2\/pages\/1652"}],"wp:attachment":[{"href":"http:\/\/jsenergy.si\/it\/wp-json\/wp\/v2\/media?parent=1552"}],"curies":[{"name":"wp","href":"https:\/\/api.w.org\/{rel}","templated":true}]}}