{"id":1582,"date":"2015-01-26T16:02:11","date_gmt":"2015-01-26T15:02:11","guid":{"rendered":"http:\/\/jsenergy.si\/?page_id=1582"},"modified":"2015-02-17T13:32:51","modified_gmt":"2015-02-17T12:32:51","slug":"chi-siamo","status":"publish","type":"page","link":"http:\/\/jsenergy.si\/it\/chi-siamo\/","title":{"rendered":"Chi siamo"},"content":{"rendered":"<div class=\"pf-content\"><div class=\"pageTextArea\">\n<p align=\"justify\">L&#8217;azienda JS Energy Ltd. \u00e8 stata fondata a Lubiana. La societ\u00e0 \u00e8 nata con lo scopo di fornire prodotti e servizi completi e collaudati di alta qualit\u00e0 per le strutture industriali, come le centrali termoelettriche, processi farmaceutici, la produzione di cellulosa e carta, processi petrolchimici, processi chimici ecc.<\/p>\n<p align=\"justify\">JS Energy Ltd. \u00e8 una societ\u00e0 che \u00e8 orientata allo sviluppo e ha i propri prodotti e servizi per soddisfare le esigenze dei diversi settori. A causa delle norme dell&#8217;Unione europea in materia di emissioni e le tendenze globali complessivi per ridurre l&#8217;inquinamento della terra, la nostra azienda ha cercato, soprattutto negli ultimi anni, di sviluppare soluzioni che riguardano l&#8217;ottimizzazione dei sistemi di gestione e di miglioramento delle prestazioni negli impianti energetici e di processo. Questi includono caldaie industriali, scambiatori di calore, sistemi di raffreddamento, i processi di miscelazione, processi chimici, processi petrolchimici, le procedure di valutazione del funzionamento dei sistemi e dei processi ecc. Inoltre, offriamo consulenza, servizi di manutenzione e controlli di efficienza per i sistemi energetici e di processo.<\/p>\n<p align=\"justify\">In qualit\u00e0 di azienda orientata allo sviluppo, siamo attivi in progetti di sviluppo in cui collaboriamo con le universit\u00e0, come l&#8217;Universit\u00e0 di Lubiana (Slovenia), Universit\u00e0 di Stavanger (Norvegia), Universit\u00e0 di Lund (Svezia), Universit\u00e0 di Jadavpur (India) e l&#8217;Universit\u00e0 di Maribor (Slovenia). Molti dei nostri progetti industriali che contengono innovazioni svariate, sono stati pubblicati in pubblicazioni oppure articoli scientifici e presentati in conferenze internazionali, come si pu\u00f2 vedere dalle nostre <a href=\"http:\/\/jsenergy.si\/it\/referenze\/\"><u>Referenze.<\/u><\/a><\/p>\n<p>&nbsp;<\/p>\n<p style=\"text-align: right;font-size:105%;font-weight:bold;padding-right: 50px\"> JS energy Team<\/p>\n<\/div>\n<p> <!--pageTextArea--><\/p>\n<\/div>","protected":false},"excerpt":{"rendered":"<p>L&#8217;azienda JS Energy Ltd. \u00e8 stata fondata a Lubiana. La societ\u00e0 \u00e8 nata con lo scopo di fornire prodotti e servizi completi e collaudati di alta qualit\u00e0 per le strutture industriali, come le centrali termoelettriche, processi farmaceutici, la produzione di cellulosa e carta, processi petrolchimici, processi chimici ecc. JS Energy Ltd. \u00e8 una societ\u00e0 che<\/p>\n","protected":false},"author":3,"featured_media":0,"parent":0,"menu_order":6,"comment_status":"closed","ping_status":"closed","template":"","meta":[],"_links":{"self":[{"href":"http:\/\/jsenergy.si\/it\/wp-json\/wp\/v2\/pages\/1582"}],"collection":[{"href":"http:\/\/jsenergy.si\/it\/wp-json\/wp\/v2\/pages"}],"about":[{"href":"http:\/\/jsenergy.si\/it\/wp-json\/wp\/v2\/types\/page"}],"author":[{"embeddable":true,"href":"http:\/\/jsenergy.si\/it\/wp-json\/wp\/v2\/users\/3"}],"replies":[{"embeddable":true,"href":"http:\/\/jsenergy.si\/it\/wp-json\/wp\/v2\/comments?post=1582"}],"version-history":[{"count":5,"href":"http:\/\/jsenergy.si\/it\/wp-json\/wp\/v2\/pages\/1582\/revisions"}],"predecessor-version":[{"id":2390,"href":"http:\/\/jsenergy.si\/it\/wp-json\/wp\/v2\/pages\/1582\/revisions\/2390"}],"wp:attachment":[{"href":"http:\/\/jsenergy.si\/it\/wp-json\/wp\/v2\/media?parent=1582"}],"curies":[{"name":"wp","href":"https:\/\/api.w.org\/{rel}","templated":true}]}}