{"id":1947,"date":"2015-02-12T09:32:59","date_gmt":"2015-02-12T08:32:59","guid":{"rendered":"http:\/\/jsenergy.si\/?page_id=1947"},"modified":"2021-11-21T09:04:02","modified_gmt":"2021-11-21T08:04:02","slug":"nadzor-delovanja-hladilnih-sistemov","status":"publish","type":"page","link":"http:\/\/jsenergy.si\/sl\/produkti\/nadzor-delovanja-hladilnih-sistemov\/","title":{"rendered":"Nadzor delovanja hladilnih sistemov"},"content":{"rendered":"<div class=\"pf-content\"><div class=\"pageTextArea\">\n<div style=\"padding-bottom: 40px;\" align=\"justify\"><img class=\"alignright\" style=\"padding-top: 7px;\" src=\"http:\/\/jsenergy.si\/wp-content\/uploads\/2014\/07\/power-plant-250x175_.jpg\" \/>Hladilni sistemi so eden izmed najpomembnej\u0161ih sestavnih delov v energetskih in procesnih sistemih. Naloga hladilnega sistema v termoelektrarnah je zagotovitev \u017eelenega podtlaka v kondenzatorju, s \u010dimer so zagotovljeni optimalni pogoji za omogo\u010danje najve\u010djega izkoristka turbine in mo\u010di na generatorju. Degradacija delovanja hladilnega sistema, ki je lahko posledica nabiranja ne\u010disto\u010d, staranja sistema ali uhajanja zraka v kondenzator, vodi do izgube \u017eelenega podtlaka v kondenzatorju. Omenjeni dejavniki mo\u010dno vplivajo na u\u010dinkovitost delovanja celotnega sistema, saj \u017ee majhen padec podtlaka lahko povzro\u010di ve\u010d megavatnih ur izgube na dnevni ravni. Dolgoro\u010dno gledano, tovrstne izgube mo\u010dno vplivajo na skupno proizvodnjo elektri\u010dne energije in\/ali toplote, zmanj\u0161anje u\u010dinkovitosti delovanja tehni\u010dnega sistema ter posledi\u010dno na zmanj\u0161anje gospodarnosti obratovanja.<\/div>\n<h3 class=\"headline\" style=\"margin-top:0px;\"> Nadzor delovanja hladilnih sistemov <\/h3><span class=\"line\" style=\"margin-bottom:35px;\"><\/span><div class=\"clearfix\"><\/div>\n<div style=\"padding-bottom: 40px;\" align=\"justify\">Zaradi relativno po\u010dasnega nalaganja ne\u010disto\u010d v prenosnikih toplote in procesa staranja je degradacija delovanja hladilnih sistemov precej neopazen proces. Za zagotovitev njihovega optimalnega delovanja smo razvili programsko re\u0161itev za nadziranje u\u010dinkovitosti delovanja hladilnih sistemov. Z nadziranjem obratovanja in analizo sprememb karakteristike hladilnega sistema v povezavi z ekonomskimi dejavniki, programska re\u0161itev prepozna stopnjo degradacije, pri kateri hladilni sistem ne deluje ve\u010d optimalno in torej ni ve\u010d gospodaren. Re\u0161itev temelji na uporabi:<\/p>\n<div style=\"padding-left: 50px; padding-bottom: 10px;\" align=\"justify\">\n<ul>\n<li>Modela hladilnega sistema<\/li>\n<li>Modela procesa<\/li>\n<\/ul>\n<\/div>\n<p>Zaradi velikih dimenzij in energijskih pretokov pri hladilnih sistemih s hladilnimi stolpi na naravni vlek, smo razvili tudi metodo profiliranja hladilnih stolpov. Ta temelji na meritvah hitrostnih in temperaturnih polj, ki so opravljene z robotom na pre\u010dni povr\u0161ini hladilnega stolpa, kot je predstavljeno v nadaljevanju.<\/p>\n<\/div>\n<h3 class=\"headline\" style=\"margin-top:0px;\"> Hladilni stolpi na naravni vlek <\/h3><span class=\"line\" style=\"margin-bottom:35px;\"><\/span><div class=\"clearfix\"><\/div>\n<p style=\"padding-bottom: 5px;\" align=\"justify\">V zadnjem desetletju se je zaradi globalnega pove\u010danja uporabe elektri\u010dne energije in zaradi zaostrenih okoljevarstvenih predpisov v zvezi z naravnimi vodami pove\u010dalo \u0161tevilo hladilnih stolpov na naravni vlek. Poleg tega obstaja veliko obstoje\u010dih hladilnih stolpov, ki niso bili vzdr\u017eevani \u017ee ve\u010d desetletji. Glede na omenjena dejstva, je na\u0161a ekipa razvila metodologijo za ocenjevanje delovanja hladilnih stolpov na naravni vlek.<\/p>\n<p align=\"justify\">Metodologija je sestavljena iz treh delov:<\/p>\n<div style=\"padding-left: 50px; padding-bottom: 10px;\" align=\"justify\">\n<ul>\n<li>Metoda profiliranja hladilnega stolpa<\/li>\n<li>Model hladilnega stolpa<\/li>\n<li>Model termoelektrarne<\/li>\n<\/ul>\n<\/div>\n<p align=\"justify\">V prvem koraku z metodo profiliranja hladilnega stolpa prepoznamo in ocenimo vse nepravilnosti v delovanju na pre\u010dni povr\u0161ini stolpa. To se izvede na osnovi meritev in analiz temperaturnih in hitrostnih profilov preto\u010dnega zraka nad eliminatorji kapljic. S pridobljenimi meritvami lahko ponazorimo vpliv nepravilnosti na padec podtlaka v kondenzatorju in posledi\u010dno izgube mo\u010di na generatorju. Rezultat je ocenitev vpliva degradacije na u\u010dinkovitost delovanja stolpa, proizvodnjo elektri\u010dne energije in finan\u010dne prihranke. Na osnovi ugotovitev nato izdelamo poro\u010dilo in navedemo potrebne ukrepe za vzdr\u017eevalna dela ali za izbolj\u0161anje delovanja hladilnega stolpa oz. hladilnega sistema.<\/p>\n<div style=\"padding-top: 10px; padding-bottom: 40px;\" align=\"center\"><img src=\"http:\/\/jsenergy.si\/wp-content\/uploads\/2014\/07\/Cooling-tower-profiler-optimization650x282.jpg\" alt=\"\" \/><br \/>\nPrimer rezultatov meritev v hladilnem stolpu na naravni vlek z metodo profiliranja stolpa.<\/div>\n<h3 class=\"headline\" style=\"margin-top:0px;\"> Podro\u010dja uporabe <\/h3><span class=\"line\" style=\"margin-bottom:35px;\"><\/span><div class=\"clearfix\"><\/div>\n<div style=\"padding-bottom: 50px;\" align=\"justify\">Tehnike optimizacije in nadzora delovanja hladilnih sistemov so primerne za vse tipe hladnih stolpov, torej za stolpe na mehanski in naravni vlek, ter vklju\u010dujejo modeliranje in analize kondenzatorja oz. preostalega dela proizvodnega procesa.<\/div>\n<p><div class=\"printfriendly pf-alignleft\"><a href=\"http:\/\/jsenergy.si\/sl\/produkti\/nadzor-delovanja-hladilnih-sistemov\/?pfstyle=wp\" rel=\"nofollow\"  title=\"Printer Friendly, PDF & Email\"><img src=\"http:\/\/jsenergy.si\/wp-content\/uploads\/2014\/07\/printer-blue-40x40px_.png\" alt=\"Print Friendly, PDF & Email\" style=\"display: inline; vertical-align:text-bottom; margin:0; padding:0; border:none; -webkit-box-shadow:none; -moz-box-shadow:none; box-shadow: none;\" \/><\/a><\/div> <a href=\"https:\/\/www.innoenergy.com\/discover-innovative-solutions\/sustainable-products-and-services\/ctprofiler-20\/\" target=\"_blank\" rel=\"noopener noreferrer\"><img loading=\"lazy\" class=\"alignright size-full wp-image-3315\" src=\"http:\/\/jsenergy.si\/wp-content\/uploads\/2020\/06\/EIT-InnoEnergy_Support-by_Sign_Colour.jpg\" alt=\"\" width=\"207\" height=\"154\" \/><\/a><a href=\"mailto:?subject=Optimizacija hladilnih sistemov | JS energija d.o.o.&amp;body=http:\/\/jsenergy.si\/sl\/produkti\/optimizacija-hladilnih-sistemov\/\" target=\"_blank\" rel=\"noopener noreferrer\"><img src=\"http:\/\/jsenergy.si\/wp-content\/uploads\/2014\/07\/unnamed-38x38.png\" \/><\/a> <a href=\"https:\/\/www.linkedin.com\/shareArticle?summary=Optimizacija in nadzor tehnolo\u0161kih procesov%21&amp;title=Optimizacija hladilnih sistemov+%7C+JS+energija+d.o.o.%2E&amp;mini=true&amp;url=http:\/\/jsenergy.si\/sl\/produkti\/optimizacija-hladilnih-sistemov\/\" target=\"_blank\" rel=\"noopener noreferrer\"><img src=\"http:\/\/jsenergy.si\/wp-content\/uploads\/2014\/07\/LindkedIn-32x36-transparent.png\" \/><\/a><\/p>\n<\/div>\n<p><!--pageTextArea--><\/p>\n<\/div>","protected":false},"excerpt":{"rendered":"<p>Hladilni sistemi so eden izmed najpomembnej\u0161ih sestavnih delov v energetskih in procesnih sistemih. Naloga hladilnega sistema v termoelektrarnah je zagotovitev \u017eelenega podtlaka v kondenzatorju, s \u010dimer so zagotovljeni optimalni pogoji za omogo\u010danje najve\u010djega izkoristka turbine in mo\u010di na generatorju. Degradacija delovanja hladilnega sistema, ki je lahko posledica nabiranja ne\u010disto\u010d, staranja sistema ali uhajanja zraka v<\/p>\n","protected":false},"author":3,"featured_media":0,"parent":1939,"menu_order":0,"comment_status":"closed","ping_status":"closed","template":"","meta":[],"_links":{"self":[{"href":"http:\/\/jsenergy.si\/sl\/wp-json\/wp\/v2\/pages\/1947"}],"collection":[{"href":"http:\/\/jsenergy.si\/sl\/wp-json\/wp\/v2\/pages"}],"about":[{"href":"http:\/\/jsenergy.si\/sl\/wp-json\/wp\/v2\/types\/page"}],"author":[{"embeddable":true,"href":"http:\/\/jsenergy.si\/sl\/wp-json\/wp\/v2\/users\/3"}],"replies":[{"embeddable":true,"href":"http:\/\/jsenergy.si\/sl\/wp-json\/wp\/v2\/comments?post=1947"}],"version-history":[{"count":10,"href":"http:\/\/jsenergy.si\/sl\/wp-json\/wp\/v2\/pages\/1947\/revisions"}],"predecessor-version":[{"id":3336,"href":"http:\/\/jsenergy.si\/sl\/wp-json\/wp\/v2\/pages\/1947\/revisions\/3336"}],"up":[{"embeddable":true,"href":"http:\/\/jsenergy.si\/sl\/wp-json\/wp\/v2\/pages\/1939"}],"wp:attachment":[{"href":"http:\/\/jsenergy.si\/sl\/wp-json\/wp\/v2\/media?parent=1947"}],"curies":[{"name":"wp","href":"https:\/\/api.w.org\/{rel}","templated":true}]}}