{"id":2063,"date":"2015-02-12T10:40:13","date_gmt":"2015-02-12T09:40:13","guid":{"rendered":"http:\/\/jsenergy.si\/?page_id=2063"},"modified":"2015-02-17T13:33:05","modified_gmt":"2015-02-17T12:33:05","slug":"o-nas","status":"publish","type":"page","link":"http:\/\/jsenergy.si\/sl\/o-nas\/","title":{"rendered":"O nas"},"content":{"rendered":"<div class=\"pf-content\"><div class=\"pageTextArea\">\n<p align=\"justify\">Podjetje JS energija d. o. o. je bilo ustanovljeno v Ljubljani. Nastalo je z namenom zagotoviti celovite in preizku\u0161ene produkte ter storitve visoke kakovosti za industrijske objekte, kot so termoelektrarne, farmacevtski procesi, proizvodnja papirja in celuloze, petrokemi\u010dni in, kemi\u010dni procesi itd.  <\/p>\n<p align=\"justify\">JS energija d. o. o. je podjetje, ki je razvojno usmerjeno in ima lastne produkte in storitve, ki odgovarjajo na potrebe v razli\u010dnih industrijskih panogah. Zaradi dolo\u010db Evropske unije v zvezi z emisijami in splo\u0161nimi globalnimi te\u017enjami po zmanj\u0161evanju onesna\u017eevanja Zemlje, je v na\u0161em podjetju v zadnjem obdobju poudarek na razvoju re\u0161itev, ki so povezane z optimizacijo vodenja in izbolj\u0161evanjem delovanja sistemov v energetskih in procesnih postrojenjih. Sem spadajo industrijski kotli, prenosniki toplote, hladilni sistemi, me\u0161alni procesi, kemi\u010dni procesi, petrokemi\u010dni procesi, postopki za evalvacijo delovanja sistemov in procesov itd. Poleg tega ponujamo svetovanja, vzdr\u017eevalne storitve in zmogljivostne preizkuse za energetske in procesne sisteme.    <\/p>\n<p align=\"justify\">Kot razvojno usmerjeno podjetje, smo dejavni na razvojnih projektih, pri katerih sodelujemo tudi z univerzami, kot so Univerza v Ljubljani, Univerza v Stavangerju (Norve\u0161ka), Univerza v Lundu (\u0160vedska), Univerza v Jadavpurju (Indija) in Univerza v Mariboru. Veliko na\u0161ih industrijskih projektov, ki vsebujejo mnoge inovativne pristope, je bilo objavljenih v objavah na mednarodnih konferencah in tudi v znanstvenih \u010dlankih, kot je razvidno iz na\u0161ih <a href=\"http:\/\/jsenergy.si\/sl\/reference\/\"><u>referenc.<\/u><\/a> <\/p>\n<p>&nbsp;<\/p>\n<p style=\"text-align: right;font-size:105%;font-weight:bold;padding-right: 50px\"> Ekipa JS energija<\/p>\n<\/div>\n<p> <!--pageTextArea--><\/p>\n<\/div>","protected":false},"excerpt":{"rendered":"<p>Podjetje JS energija d. o. o. je bilo ustanovljeno v Ljubljani. Nastalo je z namenom zagotoviti celovite in preizku\u0161ene produkte ter storitve visoke kakovosti za industrijske objekte, kot so termoelektrarne, farmacevtski procesi, proizvodnja papirja in celuloze, petrokemi\u010dni in, kemi\u010dni procesi itd. JS energija d. o. o. je podjetje, ki je razvojno usmerjeno in ima lastne<\/p>\n","protected":false},"author":3,"featured_media":0,"parent":0,"menu_order":6,"comment_status":"closed","ping_status":"closed","template":"","meta":[],"_links":{"self":[{"href":"http:\/\/jsenergy.si\/sl\/wp-json\/wp\/v2\/pages\/2063"}],"collection":[{"href":"http:\/\/jsenergy.si\/sl\/wp-json\/wp\/v2\/pages"}],"about":[{"href":"http:\/\/jsenergy.si\/sl\/wp-json\/wp\/v2\/types\/page"}],"author":[{"embeddable":true,"href":"http:\/\/jsenergy.si\/sl\/wp-json\/wp\/v2\/users\/3"}],"replies":[{"embeddable":true,"href":"http:\/\/jsenergy.si\/sl\/wp-json\/wp\/v2\/comments?post=2063"}],"version-history":[{"count":3,"href":"http:\/\/jsenergy.si\/sl\/wp-json\/wp\/v2\/pages\/2063\/revisions"}],"predecessor-version":[{"id":2396,"href":"http:\/\/jsenergy.si\/sl\/wp-json\/wp\/v2\/pages\/2063\/revisions\/2396"}],"wp:attachment":[{"href":"http:\/\/jsenergy.si\/sl\/wp-json\/wp\/v2\/media?parent=2063"}],"curies":[{"name":"wp","href":"https:\/\/api.w.org\/{rel}","templated":true}]}}