{"id":1561,"date":"2015-01-26T14:57:36","date_gmt":"2015-01-26T13:57:36","guid":{"rendered":"http:\/\/jsenergy.si\/?page_id=1561"},"modified":"2015-02-28T23:22:26","modified_gmt":"2015-02-28T22:22:26","slug":"miglioramento-dellefficienza-dei-sistemi","status":"publish","type":"page","link":"https:\/\/jsenergy.si\/it\/servizi\/miglioramento-dellefficienza-dei-sistemi\/","title":{"rendered":"Miglioramento dell&#8217;efficienza dei sistemi"},"content":{"rendered":"<div class=\"pf-content\"><div class=\"pageTextArea\">\n<p><img style=\"padding-top: 7px\" class=\"alignright\" src=\"http:\/\/jsenergy.si\/wp-content\/uploads\/2014\/07\/effImp-310x246-e1406779342476.jpg\" \/><\/p>\n<p align=\"justify\">Migliorare l&#8217;efficienza dei sistemi oggi \u00e8 obbligatoria, non solo in termini di competitivit\u00e0 ma anche di protezione ambientale. Il nostro team \u00e8 specializzato nell&#8217;ottimizzazione dei sistemi energetici e di processo. Durante l&#8217;utilizzo di metodi moderni ci assicuriamo che tali sistemi sono economici e rispettosi dell&#8217;ambiente. Offriamo i seguenti servizi legati al miglioramento dell&#8217;efficienza e la riduzione dell&#8217;emissioni:<\/p>\n<div style=\"padding-left:80px;padding-bottom:10px;text-align:justify;text-indent: -1.4em\">\n<div class=\"list-3\"><\/p>\n<ul>\n<li>Analisi dell&#8217;efficienza del funzionamento dei sistemi energetici e di processo e dei loro componenti (misurazioni e calcoli)<\/li>\n<li>Miglioramenti in termini di efficienza e il funzionamento dei sistemi energetici e di processo e dei loro componenti <\/li>\n<li>Coordinamento dei sistemi di combustione (aria di combustione, ricircolazione dei gas di combustione,&#8230;) al fine di migliorare le prestazioni del sistema e ridurre le emissioni di CO e NOx <\/li>\n<li>Analisi termo-economica<\/li>\n<li>Studi \u201cChe cosa succede se\u201d per la pianificazione dellle modifiche dei sistemi esistenti <\/li>\n<li>Consulenza<\/li>\n<\/ul>\n<p><\/div>\n<\/p><\/div>\n<\/p>\n<p align=\"justify\">Inoltre, offriamo anche una vasta gamma di prodotti associati ai sistemi specifici di miglioramenti di efficienza:  <\/p>\n<div style=\"padding-left:50px;padding-bottom: 30px; text-align:justify\">\n<ul>\n<li> <a href=\"https:\/\/jsenergy.si\/it\/prodotti\/ottimizzazione-della-combustione\/\"><u>Ottimizzazione della combustione<\/u><\/a><\/li>\n<li> <a href=\"https:\/\/jsenergy.si\/it\/prodotti\/controllo-avanzato-dei-processi\/\"><u>Controllo avanzato dei processi<\/u><\/a><\/li>\n<li> <a href=\"https:\/\/jsenergy.si\/it\/prodotti\/ottimizzazione-dei-sistemi-di-raffreddamento\/\"><u>Ottimizzazione dei sistemi di raffreddamento <\/u><\/a><\/li>\n<\/ul>\n<\/div>\n<p align=\"justify\" style=\"padding-bottom:5px\">Con lo sviluppo delle nostre soluzioni offriamo prodotti e servizi che siano accessibili e forniscono investimenti di ritorno rapido e alto. Attraverso la continua collaborazione con l&#8217;industria possiamo garantire che i nostri prodotti sono maturi e ben collaudati nella pratica.<\/p>\n<p align=\"justify\" style=\"padding-bottom:50px\">I nostri servizi e prodotti sono conformi allo standard OPC (OLE for Process Control) e vengono facilmente integrati in un ambiente industriale. Nell&#8217;ambito di migliorare l&#8217;efficienza dei sistemi possiamo offrire una variet\u00e0 di servizi relativi alle verifiche <a href=\"https:\/\/jsenergy.si\/it\/servizi\/verifiche-di-prestazione-dei-sistemi\/\"><u>dell&#8217;efficienza e delle prestazioni dei sistemi.<\/u><\/a><\/p>\n<div>\n<div class=\"printfriendly pf-alignleft\"><a href=\"https:\/\/jsenergy.si\/it\/servizi\/miglioramento-dellefficienza-dei-sistemi\/?pfstyle=wp\" rel=\"nofollow\"  title=\"Printer Friendly, PDF & Email\"><img src=\"http:\/\/jsenergy.si\/wp-content\/uploads\/2014\/07\/printer-blue-40x40px_.png\" alt=\"Print Friendly, PDF & Email\" style=\"display: inline; vertical-align:text-bottom; margin:0; padding:0; border:none; -webkit-box-shadow:none; -moz-box-shadow:none; box-shadow: none;\" \/><\/a><\/div> <a href=\"mailto:?subject=Miglioramento dell'efficienza dei sistemi | JS energy Ltd.&amp;body=http:\/\/jsenergy.si\/it\/servizi\/miglioramento-dellefficienza-dei-sistemi\/\"><img src=\"http:\/\/jsenergy.si\/wp-content\/uploads\/2014\/07\/unnamed-38x38.png\"><\/a> <a href=\"http:\/\/www.linkedin.com\/shareArticle?mini=true&amp;url=http:\/\/jsenergy.si\/it\/servizi\/miglioramento-dellefficienza-dei-sistemi\/&amp;title=Miglioramento dell'efficienza dei sistemi | JS energy Ltd.&amp;summary=Ottimizzazione e controllo dei processi tecnologici\" target=\"_blank\"><img src=\"http:\/\/jsenergy.si\/wp-content\/uploads\/2014\/07\/LindkedIn-32x36-transparent.png\"><\/a>\n<\/div>\n<\/div>\n<p> <!--pageTextArea--><\/p>\n<\/div>","protected":false},"excerpt":{"rendered":"<p>Migliorare l&#8217;efficienza dei sistemi oggi \u00e8 obbligatoria, non solo in termini di competitivit\u00e0 ma anche di protezione ambientale. Il nostro team \u00e8 specializzato nell&#8217;ottimizzazione dei sistemi energetici e di processo. Durante l&#8217;utilizzo di metodi moderni ci assicuriamo che tali sistemi sono economici e rispettosi dell&#8217;ambiente. Offriamo i seguenti servizi legati al miglioramento dell&#8217;efficienza e la<\/p>\n","protected":false},"author":3,"featured_media":0,"parent":1658,"menu_order":0,"comment_status":"closed","ping_status":"closed","template":"","meta":[],"_links":{"self":[{"href":"https:\/\/jsenergy.si\/it\/wp-json\/wp\/v2\/pages\/1561"}],"collection":[{"href":"https:\/\/jsenergy.si\/it\/wp-json\/wp\/v2\/pages"}],"about":[{"href":"https:\/\/jsenergy.si\/it\/wp-json\/wp\/v2\/types\/page"}],"author":[{"embeddable":true,"href":"https:\/\/jsenergy.si\/it\/wp-json\/wp\/v2\/users\/3"}],"replies":[{"embeddable":true,"href":"https:\/\/jsenergy.si\/it\/wp-json\/wp\/v2\/comments?post=1561"}],"version-history":[{"count":7,"href":"https:\/\/jsenergy.si\/it\/wp-json\/wp\/v2\/pages\/1561\/revisions"}],"predecessor-version":[{"id":2466,"href":"https:\/\/jsenergy.si\/it\/wp-json\/wp\/v2\/pages\/1561\/revisions\/2466"}],"up":[{"embeddable":true,"href":"https:\/\/jsenergy.si\/it\/wp-json\/wp\/v2\/pages\/1658"}],"wp:attachment":[{"href":"https:\/\/jsenergy.si\/it\/wp-json\/wp\/v2\/media?parent=1561"}],"curies":[{"name":"wp","href":"https:\/\/api.w.org\/{rel}","templated":true}]}}