{"id":1955,"date":"2015-02-12T09:37:58","date_gmt":"2015-02-12T08:37:58","guid":{"rendered":"http:\/\/jsenergy.si\/?page_id=1955"},"modified":"2015-02-28T23:26:29","modified_gmt":"2015-02-28T22:26:29","slug":"izboljsevanje-ucinkovitosti-sistemov","status":"publish","type":"page","link":"https:\/\/jsenergy.si\/sl\/storitve\/izboljsevanje-ucinkovitosti-sistemov\/","title":{"rendered":"Izbolj\u0161evanje u\u010dinkovitosti sistemov"},"content":{"rendered":"<div class=\"pf-content\"><div class=\"pageTextArea\">\n<p><img style=\"padding-top: 7px\" class=\"alignright\" src=\"http:\/\/jsenergy.si\/wp-content\/uploads\/2014\/07\/effImp-310x246-e1406779342476.jpg\" \/><\/p>\n<p align=\"justify\">Izbolj\u0161anje u\u010dinkovitosti sistemov je v dana\u0161njem \u010dasu obvezno tako iz vidika konkuren\u010dnosti kot varstva okolja. Na\u0161a ekipa je specializirana za optimizacijo obratovanja energetskih in procesnih sistemov, pri \u010demer s sodobnimi metodami poskrbimo, da sistemi delujejo gospodarno in okolju prijazno. Ponujamo naslednje storitve, ki so povezane z izbolj\u0161evanjem u\u010dinkovitosti sistemov in zmanj\u0161anjem emisij:<\/p>\n<div style=\"padding-left:80px;padding-bottom:10px;text-align:justify;text-indent: -1.4em\">\n<div class=\"list-3\"><\/p>\n<ul>\n<li>Analize u\u010dinkovitosti delovanja energetskih in procesnih sistemov ter njihovih sestavnih delov (meritve in izra\u010duni)<\/li>\n<li>Izbolj\u0161ave u\u010dinkovitosti in obratovanj energetskih in procesnih sistemov ter njihovih  sestavnih delov<\/li>\n<li>Ugla\u0161evanje sistemov zgorevanja (zgorevalni zraki, recirkulacija dimnih plinov, \u2026) z namenom izbolj\u0161evanja u\u010dinkovitosti sistemov in zmanj\u0161evanja emisij CO in NOx <\/li>\n<li>Termoekonomske analize<\/li>\n<li>\u00bbKaj \u010de\u00ab \u0161tudije za na\u010drtovanje sprememb na obstoje\u010dih sistemih<\/li>\n<li>Svetovanje<\/li>\n<\/ul>\n<p><\/div>\n<\/p><\/div>\n<\/p>\n<p align=\"justify\">Poleg tega ponujamo tudi razli\u010dne produkte povezane s specifi\u010dnimi izbolj\u0161avami u\u010dinkovitosti sistemov:<\/p>\n<div style=\"padding-left:50px;padding-bottom: 30px; text-align:justify\">\n<ul>\n<li> <a href=\"https:\/\/jsenergy.si\/sl\/produkti\/optimizacija-izgorevanja\/\"><u>Optimizacija zgorevanja industrijskih kotlov<\/u><\/a><\/li>\n<li> <a href=\"https:\/\/jsenergy.si\/sl\/produkti\/napredno-vodenje-procesov\/\"><u>Napredno vodenje procesov<\/u><\/a><\/li>\n<li> <a href=\"https:\/\/jsenergy.si\/sl\/produkti\/nadzor-delovanja-hladilnih-sistemov\/\"><u>Optimizacija hladilnih sistemov<\/u><\/a><\/li>\n<\/ul>\n<\/div>\n<p align=\"justify\" style=\"padding-bottom:5px\">Z razvojem lastnih re\u0161itev ponujamo produkte in storitve, ki so finan\u010dno ugodne ter omogo\u010dajo hitro in visoko povrnitev vlo\u017eene nalo\u017ebe. S stalnim sodelovanjem z industrijo zagotavljamo, da so na\u0161i produkti zreli in dobro preverjeni v praksi.<\/p>\n<p align=\"justify\" style=\"padding-bottom:50px\">Na\u0161e storitve in produkti sledijo standardom OPC (\u00bbOLE for Process Control\u00ab) ter se preprosto integrirajo v industrijsko okolje. V povezavi z izbolj\u0161evanjem u\u010dinkovitosti sistemov, vam lahko ponudimo tudi razli\u010dne storitve, povezane s <a href=\"https:\/\/jsenergy.si\/sl\/storitve\/preizkusi-zmogljivosti-sistemov\/\"><u>preizkusi izkoristkov in zmogljivosti sistemov.<\/u><\/a><\/p>\n<div>\n<div class=\"printfriendly pf-alignleft\"><a href=\"https:\/\/jsenergy.si\/sl\/storitve\/izboljsevanje-ucinkovitosti-sistemov\/?pfstyle=wp\" rel=\"nofollow\"  title=\"Printer Friendly, PDF & Email\"><img src=\"http:\/\/jsenergy.si\/wp-content\/uploads\/2014\/07\/printer-blue-40x40px_.png\" alt=\"Print Friendly, PDF & Email\" style=\"display: inline; vertical-align:text-bottom; margin:0; padding:0; border:none; -webkit-box-shadow:none; -moz-box-shadow:none; box-shadow: none;\" \/><\/a><\/div> <a href=\"mailto:?subject=Izbolj\u0161evanje u\u010dinkovitosti sistemov | JS energija d.o.o.&amp;body=http:\/\/jsenergy.si\/sl\/storitve\/izboljsevanje-ucinkovitosti-sistemov\/\"><img src=\"http:\/\/jsenergy.si\/wp-content\/uploads\/2014\/07\/unnamed-38x38.png\"><\/a> <a href=\"http:\/\/www.linkedin.com\/shareArticle?mini=true&amp;url=http:\/\/jsenergy.si\/sl\/storitve\/izboljsevanje-ucinkovitosti-sistemov\/&amp;title=Izbolj\u0161evanje u\u010dinkovitosti sistemov | JS energija d.o.o.&amp;summary=Optimizacija in nadzor tehnolo\u0161kih procesov\" target=\"_blank\"><img src=\"http:\/\/jsenergy.si\/wp-content\/uploads\/2014\/07\/LindkedIn-32x36-transparent.png\"><\/a>\n<\/div>\n<\/div>\n<p> <!--pageTextArea--><\/p>\n<\/div>","protected":false},"excerpt":{"rendered":"<p>Izbolj\u0161anje u\u010dinkovitosti sistemov je v dana\u0161njem \u010dasu obvezno tako iz vidika konkuren\u010dnosti kot varstva okolja. Na\u0161a ekipa je specializirana za optimizacijo obratovanja energetskih in procesnih sistemov, pri \u010demer s sodobnimi metodami poskrbimo, da sistemi delujejo gospodarno in okolju prijazno. Ponujamo naslednje storitve, ki so povezane z izbolj\u0161evanjem u\u010dinkovitosti sistemov in zmanj\u0161anjem emisij: Poleg tega ponujamo<\/p>\n","protected":false},"author":3,"featured_media":0,"parent":1941,"menu_order":0,"comment_status":"closed","ping_status":"closed","template":"","meta":[],"_links":{"self":[{"href":"https:\/\/jsenergy.si\/sl\/wp-json\/wp\/v2\/pages\/1955"}],"collection":[{"href":"https:\/\/jsenergy.si\/sl\/wp-json\/wp\/v2\/pages"}],"about":[{"href":"https:\/\/jsenergy.si\/sl\/wp-json\/wp\/v2\/types\/page"}],"author":[{"embeddable":true,"href":"https:\/\/jsenergy.si\/sl\/wp-json\/wp\/v2\/users\/3"}],"replies":[{"embeddable":true,"href":"https:\/\/jsenergy.si\/sl\/wp-json\/wp\/v2\/comments?post=1955"}],"version-history":[{"count":6,"href":"https:\/\/jsenergy.si\/sl\/wp-json\/wp\/v2\/pages\/1955\/revisions"}],"predecessor-version":[{"id":2470,"href":"https:\/\/jsenergy.si\/sl\/wp-json\/wp\/v2\/pages\/1955\/revisions\/2470"}],"up":[{"embeddable":true,"href":"https:\/\/jsenergy.si\/sl\/wp-json\/wp\/v2\/pages\/1941"}],"wp:attachment":[{"href":"https:\/\/jsenergy.si\/sl\/wp-json\/wp\/v2\/media?parent=1955"}],"curies":[{"name":"wp","href":"https:\/\/api.w.org\/{rel}","templated":true}]}}